{"id":3465,"date":"2024-03-01T08:20:04","date_gmt":"2024-03-01T11:20:04","guid":{"rendered":"https:\/\/vortexhightech.com.br\/loja\/?post_type=product&#038;p=3465"},"modified":"2024-03-01T09:01:33","modified_gmt":"2024-03-01T12:01:33","slug":"xiaomi-redmi-note-13-5g-8-256-108-mp","status":"publish","type":"product","link":"https:\/\/vortexhightech.com.br\/loja\/produto\/xiaomi-redmi-note-13-5g-8-256-108-mp\/","title":{"rendered":"Xiaomi Redmi Note 13 5G 8GB RAM 256 GB c\u00e2mera tripla de at\u00e9 108 MP"},"content":{"rendered":"<p>Xiaomi Redmi Note 13 5G apresenta uma tela AMOLED impressionante com uma taxa de atualiza\u00e7\u00e3o de at\u00e9 120 Hz, garantindo que tanto os v\u00eddeos quanto os jogos pare\u00e7am fluidos e sem travamentos. Al\u00e9m disso, o seu tamanho generoso de 6,67 polegadas permite-lhe desfrutar de todo o conte\u00fado sem perder um \u00fanico detalhe, gra\u00e7as \u00e0 sua n\u00edtida resolu\u00e7\u00e3o FHD+<br \/>\nRedmi Note 13 5G ostenta um conjunto de c\u00e2meras de elite, encabe\u00e7ado por um impressionante sensor prim\u00e1rio de at\u00e9 108MP. Essa combina\u00e7\u00e3o garante imagens n\u00edtidas mesmo quando capturadas de longe, com capacidade de zoom de at\u00e9 3X com perda m\u00ednima de qualidade.<br \/>\nO Redmi Note 13 5G possui o que h\u00e1 de mais moderno em tecnologia de processador, o MediaTek Dimensity 6080, que com sua constru\u00e7\u00e3o avan\u00e7ada de 6nm melhora a efici\u00eancia e a pot\u00eancia, permitindo trabalhar com aplica\u00e7\u00f5es complexas e jogos exigentes.<br \/>\nRedmi Note 13 5G se destaca com uma impressionante bateria de 5000mAh e capacidade de carregamento de 33W. Isso significa que voc\u00ea n\u00e3o apenas ter\u00e1 energia suficiente para durar o dia todo, mas tamb\u00e9m esquecer\u00e1 de se preocupar em ficar sem bateria.<br \/>\nRedmi Note 13 5G possui um design requintado que atrai a aten\u00e7\u00e3o de todos. Com arma\u00e7\u00e3o fina parece uma joia em suas m\u00e3os, proporcionando estilo.<\/p>\n","protected":false},"excerpt":{"rendered":"<p>Xiaomi Redmi Note 13 5G apresenta uma tela AMOLED impressionante com uma taxa de atualiza\u00e7\u00e3o de at\u00e9 120 Hz, garantindo que tanto os v\u00eddeos quanto os jogos pare\u00e7am fluidos e sem travamentos. Al\u00e9m disso, o seu tamanho generoso de 6,67 polegadas permite-lhe desfrutar de todo o conte\u00fado sem perder um \u00fanico detalhe, gra\u00e7as \u00e0 sua n\u00edtida resolu\u00e7\u00e3o FHD+ Redmi Note 13 5G ostenta um conjunto de c\u00e2meras de elite, encabe\u00e7ado por um impressionante sensor prim\u00e1rio de at\u00e9 108MP. Essa combina\u00e7\u00e3o garante imagens n\u00edtidas mesmo quando capturadas de longe, com capacidade de zoom de at\u00e9 3X com perda m\u00ednima de qualidade. O Redmi Note 13 5G possui o que h\u00e1 de mais moderno em tecnologia de processador, o MediaTek Dimensity 6080, que com sua constru\u00e7\u00e3o avan\u00e7ada de 6nm melhora a efici\u00eancia e a pot\u00eancia, permitindo trabalhar com aplica\u00e7\u00f5es complexas e jogos exigentes. Redmi Note 13 5G se destaca com uma impressionante bateria de 5000mAh e capacidade de carregamento de 33W. Isso significa que voc\u00ea n\u00e3o apenas ter\u00e1 energia suficiente para durar o dia todo, mas tamb\u00e9m esquecer\u00e1 de se preocupar em ficar sem bateria. Redmi Note 13 5G possui um design requintado que atrai a aten\u00e7\u00e3o de todos. Com arma\u00e7\u00e3o fina parece uma joia em suas m\u00e3os, proporcionando estilo.<\/p>\n","protected":false},"featured_media":3466,"template":"","meta":[],"product_brand":[],"product_cat":[47,54],"product_tag":[141,140,142,139],"class_list":{"0":"post-3465","1":"product","2":"type-product","3":"status-publish","4":"has-post-thumbnail","6":"product_cat-eletronicos","7":"product_cat-smartphone","8":"product_tag-note","9":"product_tag-redmi","10":"product_tag-smartphone","11":"product_tag-xiaomi","13":"first","14":"instock","15":"shipping-taxable","16":"product-type-external"},"_links":{"self":[{"href":"https:\/\/vortexhightech.com.br\/loja\/wp-json\/wp\/v2\/product\/3465","targetHints":{"allow":["GET"]}}],"collection":[{"href":"https:\/\/vortexhightech.com.br\/loja\/wp-json\/wp\/v2\/product"}],"about":[{"href":"https:\/\/vortexhightech.com.br\/loja\/wp-json\/wp\/v2\/types\/product"}],"version-history":[{"count":0,"href":"https:\/\/vortexhightech.com.br\/loja\/wp-json\/wp\/v2\/product\/3465\/revisions"}],"wp:featuredmedia":[{"embeddable":true,"href":"https:\/\/vortexhightech.com.br\/loja\/wp-json\/wp\/v2\/media\/3466"}],"wp:attachment":[{"href":"https:\/\/vortexhightech.com.br\/loja\/wp-json\/wp\/v2\/media?parent=3465"}],"wp:term":[{"taxonomy":"product_brand","embeddable":true,"href":"https:\/\/vortexhightech.com.br\/loja\/wp-json\/wp\/v2\/product_brand?post=3465"},{"taxonomy":"product_cat","embeddable":true,"href":"https:\/\/vortexhightech.com.br\/loja\/wp-json\/wp\/v2\/product_cat?post=3465"},{"taxonomy":"product_tag","embeddable":true,"href":"https:\/\/vortexhightech.com.br\/loja\/wp-json\/wp\/v2\/product_tag?post=3465"}],"curies":[{"name":"wp","href":"https:\/\/api.w.org\/{rel}","templated":true}]}}