{"id":3311,"date":"2023-12-27T15:21:05","date_gmt":"2023-12-27T18:21:05","guid":{"rendered":"https:\/\/vortexhightech.com.br\/loja\/?post_type=product&#038;p=3311"},"modified":"2023-12-27T15:38:06","modified_gmt":"2023-12-27T18:38:06","slug":"smartwatch-colmi-p8-plus","status":"publish","type":"product","link":"https:\/\/vortexhightech.com.br\/loja\/produto\/smartwatch-colmi-p8-plus\/","title":{"rendered":"Smartwatch Colmi P8 Plus"},"content":{"rendered":"<p>Smartwatch Colmi P8 Plus Conectividade Bluetooth 5.1 Tela de 1.69 polegadas Classifica\u00e7\u00e3o Ip67 Resist\u00eancia \u00e0 \u00c1gua At\u00e9 8 Modos de Treino Compat\u00edvel com Android<\/p>\n","protected":false},"excerpt":{"rendered":"<p>Smartwatch Colmi P8 Plus Conectividade Bluetooth 5.1 Tela de 1.69 polegadas Classifica\u00e7\u00e3o Ip67 Resist\u00eancia \u00e0 \u00c1gua At\u00e9 8 Modos de Treino Compat\u00edvel com Android<\/p>\n","protected":false},"featured_media":3312,"template":"","meta":[],"product_brand":[],"product_cat":[47,55],"product_tag":[114,137],"class_list":{"0":"post-3311","1":"product","2":"type-product","3":"status-publish","4":"has-post-thumbnail","6":"product_cat-eletronicos","7":"product_cat-smartwatches-e-smartbands","8":"product_tag-android","9":"product_tag-smartwatch","11":"first","12":"instock","13":"shipping-taxable","14":"product-type-external"},"_links":{"self":[{"href":"https:\/\/vortexhightech.com.br\/loja\/wp-json\/wp\/v2\/product\/3311","targetHints":{"allow":["GET"]}}],"collection":[{"href":"https:\/\/vortexhightech.com.br\/loja\/wp-json\/wp\/v2\/product"}],"about":[{"href":"https:\/\/vortexhightech.com.br\/loja\/wp-json\/wp\/v2\/types\/product"}],"version-history":[{"count":0,"href":"https:\/\/vortexhightech.com.br\/loja\/wp-json\/wp\/v2\/product\/3311\/revisions"}],"wp:featuredmedia":[{"embeddable":true,"href":"https:\/\/vortexhightech.com.br\/loja\/wp-json\/wp\/v2\/media\/3312"}],"wp:attachment":[{"href":"https:\/\/vortexhightech.com.br\/loja\/wp-json\/wp\/v2\/media?parent=3311"}],"wp:term":[{"taxonomy":"product_brand","embeddable":true,"href":"https:\/\/vortexhightech.com.br\/loja\/wp-json\/wp\/v2\/product_brand?post=3311"},{"taxonomy":"product_cat","embeddable":true,"href":"https:\/\/vortexhightech.com.br\/loja\/wp-json\/wp\/v2\/product_cat?post=3311"},{"taxonomy":"product_tag","embeddable":true,"href":"https:\/\/vortexhightech.com.br\/loja\/wp-json\/wp\/v2\/product_tag?post=3311"}],"curies":[{"name":"wp","href":"https:\/\/api.w.org\/{rel}","templated":true}]}}