{"id":3305,"date":"2023-12-27T13:39:32","date_gmt":"2023-12-27T16:39:32","guid":{"rendered":"https:\/\/vortexhightech.com.br\/loja\/?post_type=product&#038;p=3305"},"modified":"2023-12-27T13:52:28","modified_gmt":"2023-12-27T16:52:28","slug":"fones-de-ouvido-sem-fio-lenovo-gm2-pro","status":"publish","type":"product","link":"https:\/\/vortexhightech.com.br\/loja\/produto\/fones-de-ouvido-sem-fio-lenovo-gm2-pro\/","title":{"rendered":"Fones de ouvido para jogos sem fio GM2 Pro BT &#8211; BT 5.3 360\u00b0 Surround Modo duplo com cancelamento de ru\u00eddo"},"content":{"rendered":"<p>Som surround 360\u00b0, baixa lat\u00eancia, experi\u00eancia imersiva.<br \/>\nCompat\u00edvel com Android, IOS, sistema WIN.<br \/>\nA an\u00e1lise da equaliza\u00e7\u00e3o triband, vibra\u00e7\u00e3o biol\u00f3gica de 10mm.<br \/>\nModo de jogo de baixa lat\u00eancia, modo duplo, aumenta muito a sensa\u00e7\u00e3o de audi\u00e7\u00e3o, desfrute de excelente qualidade de som.<br \/>\nCase de carregamento de grande capacidade.<\/p>\n","protected":false},"excerpt":{"rendered":"<p>Som surround 360\u00b0, baixa lat\u00eancia, experi\u00eancia imersiva.<br \/>\nCompat\u00edvel com Android, IOS, sistema WIN.<br \/>\nA an\u00e1lise da equaliza\u00e7\u00e3o triband, vibra\u00e7\u00e3o biol\u00f3gica de 10mm.<br \/>\nModo de jogo de baixa lat\u00eancia, modo duplo, aumenta muito a sensa\u00e7\u00e3o de audi\u00e7\u00e3o, desfrute de excelente qualidade de som.<br \/>\nCase de carregamento de grande capacidade.<\/p>\n","protected":false},"featured_media":3309,"template":"","meta":[],"product_brand":[],"product_cat":[47,52],"product_tag":[117,116,134],"class_list":{"0":"post-3305","1":"product","2":"type-product","3":"status-publish","4":"has-post-thumbnail","6":"product_cat-eletronicos","7":"product_cat-fone-de-ouvido-sem-fio","8":"product_tag-bluetooth","9":"product_tag-fones-de-ouvido","10":"product_tag-lenovo","12":"first","13":"instock","14":"shipping-taxable","15":"product-type-external"},"_links":{"self":[{"href":"https:\/\/vortexhightech.com.br\/loja\/wp-json\/wp\/v2\/product\/3305","targetHints":{"allow":["GET"]}}],"collection":[{"href":"https:\/\/vortexhightech.com.br\/loja\/wp-json\/wp\/v2\/product"}],"about":[{"href":"https:\/\/vortexhightech.com.br\/loja\/wp-json\/wp\/v2\/types\/product"}],"version-history":[{"count":0,"href":"https:\/\/vortexhightech.com.br\/loja\/wp-json\/wp\/v2\/product\/3305\/revisions"}],"wp:featuredmedia":[{"embeddable":true,"href":"https:\/\/vortexhightech.com.br\/loja\/wp-json\/wp\/v2\/media\/3309"}],"wp:attachment":[{"href":"https:\/\/vortexhightech.com.br\/loja\/wp-json\/wp\/v2\/media?parent=3305"}],"wp:term":[{"taxonomy":"product_brand","embeddable":true,"href":"https:\/\/vortexhightech.com.br\/loja\/wp-json\/wp\/v2\/product_brand?post=3305"},{"taxonomy":"product_cat","embeddable":true,"href":"https:\/\/vortexhightech.com.br\/loja\/wp-json\/wp\/v2\/product_cat?post=3305"},{"taxonomy":"product_tag","embeddable":true,"href":"https:\/\/vortexhightech.com.br\/loja\/wp-json\/wp\/v2\/product_tag?post=3305"}],"curies":[{"name":"wp","href":"https:\/\/api.w.org\/{rel}","templated":true}]}}