{"id":3283,"date":"2023-12-26T16:15:06","date_gmt":"2023-12-26T19:15:06","guid":{"rendered":"https:\/\/vortexhightech.com.br\/loja\/?post_type=product&#038;p=3283"},"modified":"2023-12-26T16:48:30","modified_gmt":"2023-12-26T19:48:30","slug":"xiaomi-poco-x5-5g-8gb-ram256gb","status":"publish","type":"product","link":"https:\/\/vortexhightech.com.br\/loja\/produto\/xiaomi-poco-x5-5g-8gb-ram256gb\/","title":{"rendered":"Xiaomi POCO X5 5G 8GB RAM +256GB"},"content":{"rendered":"<p>POCO X5 5G &#8211; Tudo. Muito bem. Par\u00e2metros t\u00e9cnicos Sistema Operacional: MIUI 13 para POCO Mostrar: Visor de 6,67&#8243; FHD+ AMOLED DotDisplay (2400 x 1080 pixels) Taxa de atualiza\u00e7\u00e3o: At\u00e9 120Hz Expositor de luz solar Modo de leitura 3.0 Armazenamento &amp; RAM: 6+128\/8+256GB LPDDR4X + UFS2.2 Armazenamento expans\u00edvel de at\u00e9 1TB Processador: Plataforma m\u00f3vel Snapdragon 695 5G CPU: Qualcomm Kryo 240 Octa-Core (4 x A73 1,6Ghz + 4 x A53 1,8Ghz) GPU: Qualcomm Adreno 610 Bateria e Carregamento: 5000mAh (digite) Carga r\u00e1pida de 33W Carregador de 33W na caixa USB-C C\u00e2mera: C\u00e2mera tripla de 48MP c\u00e2mera ultra larga de 8MP Macroc\u00e2mara de 2MP C\u00e2mera frontal de 13MP NFC: Suporta o Google Pay Rede e Conectividade: SIM 1 + H\u00edbrido (SIM ou MicroSD) Faixas de rede: Suporta 5G \/ 4G \/ 3G \/ 2G 5G: Sub6G: n1\/3\/5\/7\/8\/20\/28\/38\/38\/40\/41\/77\/78 4G: LTE FDD: B1\/2\/3\/4\/5\/7\/7\/8\/20\/28\/2180\uff09 1710-1780\uff0cDL66\uff08UL-2180\uff09 4G: LTE TDD: B38\/40\/41 3G: WCDMA: B1\/2\/4\/5\/8 2G: GSM: 850 900 1800 1900MHz *5G conectividade pode variar de acordo com a disponibilidade regional e o suporte do operador local. Tomada de fone de ouvido Bluetooth 5.1\/3.5mm\/Sensor de impress\u00e3o digital lateral O que \u00e9 Caixa de Entrada: POCO X5 5G \/ Fonte \/ Cabo USB Tipo C \/ Ferramenta de Eje\u00e7\u00e3o SIM \/ Mala protetora \/ Guia de in\u00edcio r\u00e1pido Carregador Padr\u00e3o Brasileiro ou EUA, enviado conforme disponibilidade.<\/p>\n","protected":false},"excerpt":{"rendered":"<p>POCO X5 5G &#8211; Tudo. Muito bem. Par\u00e2metros t\u00e9cnicos Sistema Operacional: MIUI 13 para POCO Mostrar: Visor de 6,67&#8243; FHD+ AMOLED DotDisplay (2400 x 1080 pixels) Taxa de atualiza\u00e7\u00e3o: At\u00e9 120Hz Expositor de luz solar Modo de leitura 3.0 Armazenamento &amp; RAM: 6+128\/8+256GB LPDDR4X + UFS2.2 Armazenamento expans\u00edvel de at\u00e9 1TB Processador: Plataforma m\u00f3vel Snapdragon 695 5G CPU: Qualcomm Kryo 240 Octa-Core (4 x A73 1,6Ghz + 4 x A53 1,8Ghz) GPU: Qualcomm Adreno 610 Bateria e Carregamento: 5000mAh (digite) Carga r\u00e1pida de 33W Carregador de 33W na caixa USB-C C\u00e2mera: C\u00e2mera tripla de 48MP c\u00e2mera ultra larga de 8MP Macroc\u00e2mara de 2MP C\u00e2mera frontal de 13MP NFC: Suporta o Google Pay Rede e Conectividade: SIM 1 + H\u00edbrido (SIM ou MicroSD) Faixas de rede: Suporta 5G \/ 4G \/ 3G \/ 2G 5G: Sub6G: n1\/3\/5\/7\/8\/20\/28\/38\/38\/40\/41\/77\/78 4G: LTE FDD: B1\/2\/3\/4\/5\/7\/7\/8\/20\/28\/2180\uff09 1710-1780\uff0cDL66\uff08UL-2180\uff09 4G: LTE TDD: B38\/40\/41 3G: WCDMA: B1\/2\/4\/5\/8 2G: GSM: 850 900 1800 1900MHz *5G conectividade pode variar de acordo com a disponibilidade regional e o suporte do operador local.<\/p>\n","protected":false},"featured_media":3284,"template":"","meta":[],"product_brand":[],"product_cat":[47,54],"product_tag":[114,115,112,111,113],"class_list":{"0":"post-3283","1":"product","2":"type-product","3":"status-publish","4":"has-post-thumbnail","6":"product_cat-eletronicos","7":"product_cat-smartphone","8":"product_tag-android","9":"product_tag-celular","10":"product_tag-edge","11":"product_tag-motorola","12":"product_tag-viva-magenta","14":"first","15":"instock","16":"shipping-taxable","17":"product-type-external"},"_links":{"self":[{"href":"https:\/\/vortexhightech.com.br\/loja\/wp-json\/wp\/v2\/product\/3283","targetHints":{"allow":["GET"]}}],"collection":[{"href":"https:\/\/vortexhightech.com.br\/loja\/wp-json\/wp\/v2\/product"}],"about":[{"href":"https:\/\/vortexhightech.com.br\/loja\/wp-json\/wp\/v2\/types\/product"}],"version-history":[{"count":0,"href":"https:\/\/vortexhightech.com.br\/loja\/wp-json\/wp\/v2\/product\/3283\/revisions"}],"wp:featuredmedia":[{"embeddable":true,"href":"https:\/\/vortexhightech.com.br\/loja\/wp-json\/wp\/v2\/media\/3284"}],"wp:attachment":[{"href":"https:\/\/vortexhightech.com.br\/loja\/wp-json\/wp\/v2\/media?parent=3283"}],"wp:term":[{"taxonomy":"product_brand","embeddable":true,"href":"https:\/\/vortexhightech.com.br\/loja\/wp-json\/wp\/v2\/product_brand?post=3283"},{"taxonomy":"product_cat","embeddable":true,"href":"https:\/\/vortexhightech.com.br\/loja\/wp-json\/wp\/v2\/product_cat?post=3283"},{"taxonomy":"product_tag","embeddable":true,"href":"https:\/\/vortexhightech.com.br\/loja\/wp-json\/wp\/v2\/product_tag?post=3283"}],"curies":[{"name":"wp","href":"https:\/\/api.w.org\/{rel}","templated":true}]}}