{"id":3275,"date":"2023-12-26T14:08:16","date_gmt":"2023-12-26T17:08:16","guid":{"rendered":"https:\/\/vortexhightech.com.br\/loja\/?post_type=product&#038;p=3275"},"modified":"2023-12-26T14:14:14","modified_gmt":"2023-12-26T17:14:14","slug":"combo-teclado-e-mouse-sem-fio-logitech-mk345","status":"publish","type":"product","link":"https:\/\/vortexhightech.com.br\/loja\/produto\/combo-teclado-e-mouse-sem-fio-logitech-mk345\/","title":{"rendered":"Combo Teclado e Mouse sem fio Logitech MK345"},"content":{"rendered":"<p>Dura\u00e7\u00e3o da bateria do teclado: 48 meses<br \/>\nDist\u00e2ncia de opera\u00e7\u00e3o sem fio: m\u00e1ximo 10m<br \/>\nSistema sem fio: Avan\u00e7ado conectividade sem fio de 2,4 GHz<br \/>\nDura\u00e7\u00e3o da bateria do mouse: 18 meses<br \/>\nmodelo MK345<\/p>\n","protected":false},"excerpt":{"rendered":"<p>Dura\u00e7\u00e3o da bateria do teclado: 48 meses<br \/>\nDist\u00e2ncia de opera\u00e7\u00e3o sem fio: m\u00e1ximo 10m<br \/>\nSistema sem fio: Avan\u00e7ado conectividade sem fio de 2,4 GHz<br \/>\nDura\u00e7\u00e3o da bateria do mouse: 18 meses<br \/>\nmodelo MK345<\/p>\n","protected":false},"featured_media":3279,"template":"","meta":[],"product_brand":[],"product_cat":[57,48,58],"product_tag":[131,130,128,129],"class_list":{"0":"post-3275","1":"product","2":"type-product","3":"status-publish","4":"has-post-thumbnail","6":"product_cat-combo-teclado-e-mouse-sem-fio","7":"product_cat-informatica","8":"product_cat-mouse-sem-fio","9":"product_tag-combo-teclado-e-mouse-sem-fio","10":"product_tag-logitech","11":"product_tag-mouse","12":"product_tag-mouse-sem-fio","14":"first","15":"instock","16":"shipping-taxable","17":"product-type-external"},"_links":{"self":[{"href":"https:\/\/vortexhightech.com.br\/loja\/wp-json\/wp\/v2\/product\/3275","targetHints":{"allow":["GET"]}}],"collection":[{"href":"https:\/\/vortexhightech.com.br\/loja\/wp-json\/wp\/v2\/product"}],"about":[{"href":"https:\/\/vortexhightech.com.br\/loja\/wp-json\/wp\/v2\/types\/product"}],"version-history":[{"count":0,"href":"https:\/\/vortexhightech.com.br\/loja\/wp-json\/wp\/v2\/product\/3275\/revisions"}],"wp:featuredmedia":[{"embeddable":true,"href":"https:\/\/vortexhightech.com.br\/loja\/wp-json\/wp\/v2\/media\/3279"}],"wp:attachment":[{"href":"https:\/\/vortexhightech.com.br\/loja\/wp-json\/wp\/v2\/media?parent=3275"}],"wp:term":[{"taxonomy":"product_brand","embeddable":true,"href":"https:\/\/vortexhightech.com.br\/loja\/wp-json\/wp\/v2\/product_brand?post=3275"},{"taxonomy":"product_cat","embeddable":true,"href":"https:\/\/vortexhightech.com.br\/loja\/wp-json\/wp\/v2\/product_cat?post=3275"},{"taxonomy":"product_tag","embeddable":true,"href":"https:\/\/vortexhightech.com.br\/loja\/wp-json\/wp\/v2\/product_tag?post=3275"}],"curies":[{"name":"wp","href":"https:\/\/api.w.org\/{rel}","templated":true}]}}