{"id":3267,"date":"2023-12-26T12:41:49","date_gmt":"2023-12-26T15:41:49","guid":{"rendered":"https:\/\/vortexhightech.com.br\/loja\/?post_type=product&#038;p=3267"},"modified":"2023-12-26T13:00:54","modified_gmt":"2023-12-26T16:00:54","slug":"mini-mouse-sem-fio-logitech-m187","status":"publish","type":"product","link":"https:\/\/vortexhightech.com.br\/loja\/produto\/mini-mouse-sem-fio-logitech-m187\/","title":{"rendered":"Mini Mouse sem fio Logitech M187 com Design Ambidestro"},"content":{"rendered":"<p>Conforto a m\u00e3o direita ou esquerda o design contornado com laterais de borracha \u00e9 confort\u00e1vel em qualquer m\u00e3o, mesmo depois de longas horas de uso<br \/>\nRastreamento suave desfrute do controle de cursor sens\u00edvel e rolagem sem esfor\u00e7o<br \/>\nA vida \u00fatil da bateria \u00e9 de at\u00e9 12 meses luz indicadora, modo sleepe interruptor on \/ off &#8211; sobe para at\u00e9 um ano com uma \u00fanica bateria AAA<br \/>\nReceptor nano min\u00fasculo o receptor nano \u00e9 t\u00e3o pequeno que fica na porta USB \u2014 sem o risco de ser perdido ou quebrado se precisar remov\u00ea-lo, guarde-o dentro do mouse. Voc\u00ea ir\u00e1 desfrutar da liberdade do sem-fio com mais precis\u00e3o e controle do que o touchpad do laptop<br \/>\nmodelo M187<\/p>\n","protected":false},"excerpt":{"rendered":"<p>Conforto a m\u00e3o direita ou esquerda o design contornado com laterais de borracha \u00e9 confort\u00e1vel em qualquer m\u00e3o, mesmo depois de longas horas de uso<br \/>\nRastreamento suave desfrute do controle de cursor sens\u00edvel e rolagem sem esfor\u00e7o<br \/>\nA vida \u00fatil da bateria \u00e9 de at\u00e9 12 meses luz indicadora, modo sleepe interruptor on \/ off &#8211; sobe para at\u00e9 um ano com uma \u00fanica bateria AAA<br \/>\nReceptor nano min\u00fasculo o receptor nano \u00e9 t\u00e3o pequeno que fica na porta USB \u2014 sem o risco de ser perdido ou quebrado se precisar remov\u00ea-lo, guarde-o dentro do mouse. Voc\u00ea ir\u00e1 desfrutar da liberdade do sem-fio com mais precis\u00e3o e controle do que o touchpad do laptop<br \/>\nmodelo M187<\/p>\n","protected":false},"featured_media":3268,"template":"","meta":[],"product_brand":[],"product_cat":[48,58],"product_tag":[130,128,129],"class_list":{"0":"post-3267","1":"product","2":"type-product","3":"status-publish","4":"has-post-thumbnail","6":"product_cat-informatica","7":"product_cat-mouse-sem-fio","8":"product_tag-logitech","9":"product_tag-mouse","10":"product_tag-mouse-sem-fio","12":"first","13":"instock","14":"shipping-taxable","15":"product-type-external"},"_links":{"self":[{"href":"https:\/\/vortexhightech.com.br\/loja\/wp-json\/wp\/v2\/product\/3267","targetHints":{"allow":["GET"]}}],"collection":[{"href":"https:\/\/vortexhightech.com.br\/loja\/wp-json\/wp\/v2\/product"}],"about":[{"href":"https:\/\/vortexhightech.com.br\/loja\/wp-json\/wp\/v2\/types\/product"}],"version-history":[{"count":0,"href":"https:\/\/vortexhightech.com.br\/loja\/wp-json\/wp\/v2\/product\/3267\/revisions"}],"wp:featuredmedia":[{"embeddable":true,"href":"https:\/\/vortexhightech.com.br\/loja\/wp-json\/wp\/v2\/media\/3268"}],"wp:attachment":[{"href":"https:\/\/vortexhightech.com.br\/loja\/wp-json\/wp\/v2\/media?parent=3267"}],"wp:term":[{"taxonomy":"product_brand","embeddable":true,"href":"https:\/\/vortexhightech.com.br\/loja\/wp-json\/wp\/v2\/product_brand?post=3267"},{"taxonomy":"product_cat","embeddable":true,"href":"https:\/\/vortexhightech.com.br\/loja\/wp-json\/wp\/v2\/product_cat?post=3267"},{"taxonomy":"product_tag","embeddable":true,"href":"https:\/\/vortexhightech.com.br\/loja\/wp-json\/wp\/v2\/product_tag?post=3267"}],"curies":[{"name":"wp","href":"https:\/\/api.w.org\/{rel}","templated":true}]}}