{"id":3226,"date":"2023-12-26T00:48:13","date_gmt":"2023-12-26T03:48:13","guid":{"rendered":"https:\/\/vortexhightech.com.br\/loja\/?post_type=product&#038;p=3226"},"modified":"2023-12-26T00:57:51","modified_gmt":"2023-12-26T03:57:51","slug":"multifuncional-epson-ecotank","status":"publish","type":"product","link":"https:\/\/vortexhightech.com.br\/loja\/produto\/multifuncional-epson-ecotank\/","title":{"rendered":"Multifuncional Epson, EcoTank | Tanque de Tinta Colorida, USB, Bivolt"},"content":{"rendered":"<p>Multifuncional 3 em 1: imprime, copia e digitaliza<br \/>\nMenor custo de impress\u00e3o: Imprima at\u00e9 4.500 p\u00e1ginas em preto e 7.500 p\u00e1ginas coloridas com cada kit de tintas de reposi\u00e7\u00e3o original<br \/>\nTecnologia Heat-Free da Epson que evita altos custos de impress\u00e3o e desperd\u00edcio, garante qualidade \u00e0s impress\u00f5es, al\u00e9m de conferir longa vida e alta performance ao equipamento<br \/>\nTecnologia de abastecimento EcoFit: simples, sem sujeira e sem desperd\u00edcios<br \/>\nImpressora tem um Cabo de alimenta\u00e7\u00e3o; Cabo USB ( n\u00e3o tem wi-fi).<\/p>\n","protected":false},"excerpt":{"rendered":"<p>Multifuncional 3 em 1: imprime, copia e digitaliza<br \/>\nMenor custo de impress\u00e3o: Imprima at\u00e9 4.500 p\u00e1ginas em preto e 7.500 p\u00e1ginas coloridas com cada kit de tintas de reposi\u00e7\u00e3o original<br \/>\nTecnologia Heat-Free da Epson que evita altos custos de impress\u00e3o e desperd\u00edcio, garante qualidade \u00e0s impress\u00f5es, al\u00e9m de conferir longa vida e alta performance ao equipamento<br \/>\nTecnologia de abastecimento EcoFit: simples, sem sujeira e sem desperd\u00edcios<br \/>\nImpressora tem um Cabo de alimenta\u00e7\u00e3o; Cabo USB ( n\u00e3o tem wi-fi).<\/p>\n","protected":false},"featured_media":3227,"template":"","meta":[],"product_brand":[],"product_cat":[48,53],"product_tag":[117,116,118],"class_list":{"0":"post-3226","1":"product","2":"type-product","3":"status-publish","4":"has-post-thumbnail","6":"product_cat-informatica","7":"product_cat-multifuncional","8":"product_tag-bluetooth","9":"product_tag-fones-de-ouvido","10":"product_tag-haylou","12":"first","13":"instock","14":"shipping-taxable","15":"product-type-external"},"_links":{"self":[{"href":"https:\/\/vortexhightech.com.br\/loja\/wp-json\/wp\/v2\/product\/3226","targetHints":{"allow":["GET"]}}],"collection":[{"href":"https:\/\/vortexhightech.com.br\/loja\/wp-json\/wp\/v2\/product"}],"about":[{"href":"https:\/\/vortexhightech.com.br\/loja\/wp-json\/wp\/v2\/types\/product"}],"version-history":[{"count":0,"href":"https:\/\/vortexhightech.com.br\/loja\/wp-json\/wp\/v2\/product\/3226\/revisions"}],"wp:featuredmedia":[{"embeddable":true,"href":"https:\/\/vortexhightech.com.br\/loja\/wp-json\/wp\/v2\/media\/3227"}],"wp:attachment":[{"href":"https:\/\/vortexhightech.com.br\/loja\/wp-json\/wp\/v2\/media?parent=3226"}],"wp:term":[{"taxonomy":"product_brand","embeddable":true,"href":"https:\/\/vortexhightech.com.br\/loja\/wp-json\/wp\/v2\/product_brand?post=3226"},{"taxonomy":"product_cat","embeddable":true,"href":"https:\/\/vortexhightech.com.br\/loja\/wp-json\/wp\/v2\/product_cat?post=3226"},{"taxonomy":"product_tag","embeddable":true,"href":"https:\/\/vortexhightech.com.br\/loja\/wp-json\/wp\/v2\/product_tag?post=3226"}],"curies":[{"name":"wp","href":"https:\/\/api.w.org\/{rel}","templated":true}]}}