{"id":3037,"date":"2023-12-23T23:38:53","date_gmt":"2023-12-24T02:38:53","guid":{"rendered":"https:\/\/vortexhightech.com.br\/loja\/?post_type=product&#038;p=3037"},"modified":"2023-12-25T01:25:52","modified_gmt":"2023-12-25T04:25:52","slug":"microsoft-365-family-1tb-na-nuvem-por-usuario","status":"publish","type":"product","link":"https:\/\/vortexhightech.com.br\/loja\/produto\/microsoft-365-family-1tb-na-nuvem-por-usuario\/","title":{"rendered":"Microsoft Office 365 Family 1TB na nuvem por usu\u00e1rio"},"content":{"rendered":"<p>Crie seu melhor trabalho. Com o M365 Family, voc\u00ea e sua fam\u00edlia obt\u00eam o Word, o Excel, o PowerPoint, o Outlook e muito mais. Trabalhe em qualquer lugar com aplicativos que est\u00e3o sempre atualizados. Compartilhe com toda a fam\u00edlia \u2013 at\u00e9 seis pessoas Para uso em v\u00e1rios PCs\/Macs, tablets e telefones incluindo Windows, iOS e Android Vers\u00f5es premium dos aplicativos Word, Excel, PowerPoint e Outlook, al\u00e9m de Publisher e Access somente para PCs 1 TB de armazenamento em nuvem do OneDrive por pessoa, com seguran\u00e7a avan\u00e7ada Suporte t\u00e9cnico via chat ou telefone com os especialistas da Microsoft Colabora com outras pessoas em documentos online<\/p>\n","protected":false},"excerpt":{"rendered":"<p>Crie seu melhor trabalho. Com o M365 Family, voc\u00ea e sua fam\u00edlia obt\u00eam o Word, o Excel, o PowerPoint, o Outlook e muito mais. Trabalhe em qualquer lugar com aplicativos que est\u00e3o sempre atualizados. Compartilhe com toda a fam\u00edlia \u2013 at\u00e9 seis pessoas Para uso em v\u00e1rios PCs\/Macs, tablets e telefones incluindo Windows, iOS e Android Vers\u00f5es premium dos aplicativos Word, Excel, PowerPoint e Outlook, al\u00e9m de Publisher e Access somente para PCs 1 TB de armazenamento em nuvem do OneDrive por pessoa, com seguran\u00e7a avan\u00e7ada Suporte t\u00e9cnico via chat ou telefone com os especialistas da Microsoft Colabora com outras pessoas em documentos online<\/p>\n","protected":false},"featured_media":3038,"template":"","meta":[],"product_brand":[],"product_cat":[119,120],"product_tag":[61,63,67],"class_list":{"0":"post-3037","1":"product","2":"type-product","3":"status-publish","4":"has-post-thumbnail","6":"product_cat-software","7":"product_cat-software-ferramentas-de-produtividade","8":"product_tag-amazon","9":"product_tag-dispositivos-amazon","10":"product_tag-kindle","12":"first","13":"instock","14":"shipping-taxable","15":"product-type-external"},"_links":{"self":[{"href":"https:\/\/vortexhightech.com.br\/loja\/wp-json\/wp\/v2\/product\/3037","targetHints":{"allow":["GET"]}}],"collection":[{"href":"https:\/\/vortexhightech.com.br\/loja\/wp-json\/wp\/v2\/product"}],"about":[{"href":"https:\/\/vortexhightech.com.br\/loja\/wp-json\/wp\/v2\/types\/product"}],"version-history":[{"count":0,"href":"https:\/\/vortexhightech.com.br\/loja\/wp-json\/wp\/v2\/product\/3037\/revisions"}],"wp:featuredmedia":[{"embeddable":true,"href":"https:\/\/vortexhightech.com.br\/loja\/wp-json\/wp\/v2\/media\/3038"}],"wp:attachment":[{"href":"https:\/\/vortexhightech.com.br\/loja\/wp-json\/wp\/v2\/media?parent=3037"}],"wp:term":[{"taxonomy":"product_brand","embeddable":true,"href":"https:\/\/vortexhightech.com.br\/loja\/wp-json\/wp\/v2\/product_brand?post=3037"},{"taxonomy":"product_cat","embeddable":true,"href":"https:\/\/vortexhightech.com.br\/loja\/wp-json\/wp\/v2\/product_cat?post=3037"},{"taxonomy":"product_tag","embeddable":true,"href":"https:\/\/vortexhightech.com.br\/loja\/wp-json\/wp\/v2\/product_tag?post=3037"}],"curies":[{"name":"wp","href":"https:\/\/api.w.org\/{rel}","templated":true}]}}