{"id":2999,"date":"2023-12-21T17:59:15","date_gmt":"2023-12-21T20:59:15","guid":{"rendered":"https:\/\/vortexhightech.com.br\/loja\/?post_type=product&#038;p=2999"},"modified":"2023-12-21T18:16:27","modified_gmt":"2023-12-21T21:16:27","slug":"fones-de-ouvido-sem-fio-haylou-gt7-neo","status":"publish","type":"product","link":"https:\/\/vortexhightech.com.br\/loja\/produto\/fones-de-ouvido-sem-fio-haylou-gt7-neo\/","title":{"rendered":"Fones de ouvido sem fio, Haylou GT7 NEO Bluetooth"},"content":{"rendered":"<p>Fones de ouvido Bluetooth 5.2 HD Stereo Sound, AI Clear Call Noise Cancellation, 24H Playtime, 2 Modos, Bluetooth Headphones, Volume ajust\u00e1vel<\/p>\n<p>\ud83c\udfc6\u3010Som est\u00e9reo HD imersivo\u3011 Fones de ouvido sem fio GT7 com unidade de bobina m\u00f3vel de diafragma composto de alta qualidade e decodifica\u00e7\u00e3o de \u00e1udio avan\u00e7ada AAC, que foi fortemente ajustada por uma equipe de ajuste profissional para aumentar a profundidade do mergulho de graves e melhorar a estabilidade de m\u00e9dio a sons agudos e restaura com efici\u00eancia a qualidade do som aut\u00eantico.<br \/>\n\ud83c\udfc6\u3010Limpar chamada com redu\u00e7\u00e3o de ru\u00eddo AI\u3011 Algoritmo de redu\u00e7\u00e3o de ru\u00eddo de rede neural, pode efetivamente reduzir o impacto do ru\u00eddo no ambiente circundante durante uma chamada e melhorar a clareza da chamada. Nossos fones de ouvido sem fio True t\u00eam chamadas 3x mais claras do que outros fones de ouvido sem fio verdadeiros.<br \/>\n\ud83c\udfc6\u3010Bluetooth 5.2 Tech &amp; 65ms de baixa lat\u00eancia\u3011 Os fones de ouvido Bluetooth GT7 combinam perfeitamente com tablets, laptops e smartphones Android iPhone. O chip Bluetooth 5.2 mais recente melhorou significativamente os problemas de fones de ouvido bluetooth, como desconex\u00e3o, travamentos de jogos e outros problemas. O host duplo esquerdo e direito garante uma conex\u00e3o est\u00e1vel a cada segundo; clique duas vezes no fone de ouvido esquerdo para ativar o modo de lat\u00eancia ultrabaixa de 65 ms.<br \/>\n\ud83c\udfc6\u3010Toque Inteligente\u3011Cada fone de ouvido possui um design de toque inteligente. Voc\u00ea pode usar a fun\u00e7\u00e3o de toque para controlar diretamente o volume, a chamada, o assistente de voz e outras fun\u00e7\u00f5es do telefone quando estiver se exercitando ou quando for inconveniente retirar o telefone.<br \/>\n\ud83c\udfc6\u3010Confort\u00e1vel e leve\u3011 Com o design ergon\u00f4mico, os fones de ouvido Bluetooth GT7 Sport (apenas 3,9 g) com microfone s\u00e3o especialmente projetados para se ajustar aos contornos do seu ouvido. Inclu\u00edmos 3 tamanhos de pontas de silicone (S, M, L) que oferecem uma experi\u00eancia de uso confort\u00e1vel sem cair.<\/p>\n","protected":false},"excerpt":{"rendered":"<p>Fones de ouvido Bluetooth 5.2 HD Stereo Sound, AI Clear Call Noise Cancellation, 24H Playtime, 2 Modos, Bluetooth Headphones, Volume ajust\u00e1vel<\/p>\n","protected":false},"featured_media":3003,"template":"","meta":[],"product_brand":[],"product_cat":[47,52],"product_tag":[117,116,118],"class_list":{"0":"post-2999","1":"product","2":"type-product","3":"status-publish","4":"has-post-thumbnail","6":"product_cat-eletronicos","7":"product_cat-fone-de-ouvido-sem-fio","8":"product_tag-bluetooth","9":"product_tag-fones-de-ouvido","10":"product_tag-haylou","12":"first","13":"instock","14":"shipping-taxable","15":"product-type-external"},"_links":{"self":[{"href":"https:\/\/vortexhightech.com.br\/loja\/wp-json\/wp\/v2\/product\/2999","targetHints":{"allow":["GET"]}}],"collection":[{"href":"https:\/\/vortexhightech.com.br\/loja\/wp-json\/wp\/v2\/product"}],"about":[{"href":"https:\/\/vortexhightech.com.br\/loja\/wp-json\/wp\/v2\/types\/product"}],"version-history":[{"count":0,"href":"https:\/\/vortexhightech.com.br\/loja\/wp-json\/wp\/v2\/product\/2999\/revisions"}],"wp:featuredmedia":[{"embeddable":true,"href":"https:\/\/vortexhightech.com.br\/loja\/wp-json\/wp\/v2\/media\/3003"}],"wp:attachment":[{"href":"https:\/\/vortexhightech.com.br\/loja\/wp-json\/wp\/v2\/media?parent=2999"}],"wp:term":[{"taxonomy":"product_brand","embeddable":true,"href":"https:\/\/vortexhightech.com.br\/loja\/wp-json\/wp\/v2\/product_brand?post=2999"},{"taxonomy":"product_cat","embeddable":true,"href":"https:\/\/vortexhightech.com.br\/loja\/wp-json\/wp\/v2\/product_cat?post=2999"},{"taxonomy":"product_tag","embeddable":true,"href":"https:\/\/vortexhightech.com.br\/loja\/wp-json\/wp\/v2\/product_tag?post=2999"}],"curies":[{"name":"wp","href":"https:\/\/api.w.org\/{rel}","templated":true}]}}