{"id":2834,"date":"2023-12-15T17:22:30","date_gmt":"2023-12-15T20:22:30","guid":{"rendered":"https:\/\/vortexhightech.com.br\/loja\/?post_type=product&#038;p=2834"},"modified":"2023-12-15T17:23:41","modified_gmt":"2023-12-15T20:23:41","slug":"smartphone-motorola-edge-40-5g-256gb-8gb-ram","status":"publish","type":"product","link":"https:\/\/vortexhightech.com.br\/loja\/produto\/smartphone-motorola-edge-40-5g-256gb-8gb-ram\/","title":{"rendered":"Smartphone Motorola Edge 40 5G 256 GB 8GB RAM"},"content":{"rendered":"<p>Com um design elegante e a borda infinita, o novo motorola edge 40 \u00e9 lindo e confort\u00e1vel de usar. E se cair na \u00e1gua, voc\u00ea n\u00e3o entra em uma fria com a prote\u00e7\u00e3o IP68. Use e abuse da c\u00e2mera avan\u00e7ada de 50 MP e capture fotos com cores mais vivas e com estabiliza\u00e7\u00e3o aprimorada. Carregamento ultrarr\u00e1pido com o TurboPower 68 W. Tela pOLED de 6,55\u2033 e taxa de atualiza\u00e7\u00e3o de 144 Hz. Som Dolby Atmos com qualidade de cinema. Desempenho poderoso. Motorola edge 40: feito para sentir.<\/p>\n","protected":false},"excerpt":{"rendered":"<p>Com um design elegante e a borda infinita, o novo motorola edge 40 \u00e9 lindo e confort\u00e1vel de usar. E se cair na \u00e1gua, voc\u00ea n\u00e3o entra em uma fria com a prote\u00e7\u00e3o IP68. Use e abuse da c\u00e2mera avan\u00e7ada de 50 MP e capture fotos com cores mais vivas e com estabiliza\u00e7\u00e3o aprimorada. Carregamento ultrarr\u00e1pido com o TurboPower 68 W. Tela pOLED de 6,55\u2033 e taxa de atualiza\u00e7\u00e3o de 144 Hz. Som Dolby Atmos com qualidade de cinema. Desempenho poderoso. Motorola edge 40: feito para sentir.<\/p>\n","protected":false},"featured_media":2835,"template":"","meta":[],"product_brand":[],"product_cat":[47,54],"product_tag":[114,115,112,111,113],"class_list":{"0":"post-2834","1":"product","2":"type-product","3":"status-publish","4":"has-post-thumbnail","6":"product_cat-eletronicos","7":"product_cat-smartphone","8":"product_tag-android","9":"product_tag-celular","10":"product_tag-edge","11":"product_tag-motorola","12":"product_tag-viva-magenta","14":"first","15":"instock","16":"shipping-taxable","17":"product-type-external"},"_links":{"self":[{"href":"https:\/\/vortexhightech.com.br\/loja\/wp-json\/wp\/v2\/product\/2834","targetHints":{"allow":["GET"]}}],"collection":[{"href":"https:\/\/vortexhightech.com.br\/loja\/wp-json\/wp\/v2\/product"}],"about":[{"href":"https:\/\/vortexhightech.com.br\/loja\/wp-json\/wp\/v2\/types\/product"}],"version-history":[{"count":0,"href":"https:\/\/vortexhightech.com.br\/loja\/wp-json\/wp\/v2\/product\/2834\/revisions"}],"wp:featuredmedia":[{"embeddable":true,"href":"https:\/\/vortexhightech.com.br\/loja\/wp-json\/wp\/v2\/media\/2835"}],"wp:attachment":[{"href":"https:\/\/vortexhightech.com.br\/loja\/wp-json\/wp\/v2\/media?parent=2834"}],"wp:term":[{"taxonomy":"product_brand","embeddable":true,"href":"https:\/\/vortexhightech.com.br\/loja\/wp-json\/wp\/v2\/product_brand?post=2834"},{"taxonomy":"product_cat","embeddable":true,"href":"https:\/\/vortexhightech.com.br\/loja\/wp-json\/wp\/v2\/product_cat?post=2834"},{"taxonomy":"product_tag","embeddable":true,"href":"https:\/\/vortexhightech.com.br\/loja\/wp-json\/wp\/v2\/product_tag?post=2834"}],"curies":[{"name":"wp","href":"https:\/\/api.w.org\/{rel}","templated":true}]}}