{"id":2175,"date":"2023-12-04T23:17:37","date_gmt":"2023-12-05T02:17:37","guid":{"rendered":"https:\/\/vortexhightech.com.br\/loja\/?post_type=product&#038;p=2175"},"modified":"2023-12-05T19:38:05","modified_gmt":"2023-12-05T22:38:05","slug":"echo-dot-5a-geracao-o-echo-dot-com-o-melhor-som-ja-lancado","status":"publish","type":"product","link":"https:\/\/vortexhightech.com.br\/loja\/produto\/echo-dot-5a-geracao-o-echo-dot-com-o-melhor-som-ja-lancado\/","title":{"rendered":"Echo Dot 5\u00aa gera\u00e7\u00e3o | O Echo Dot com o melhor som j\u00e1 lan\u00e7ado"},"content":{"rendered":"<ul class=\"a-unordered-list a-vertical a-spacing-mini\">\n<li class=\"a-spacing-mini\"><span class=\"a-list-item\"><b>O ECHO DOT COM O MELHOR SOM J\u00c1 LAN\u00c7ADO\u00a0<\/b>&#8211; Curta uma experi\u00eancia sonora ainda melhor em compara\u00e7\u00e3o \u00e0s vers\u00f5es anteriores do Echo Dot com Alexa e ou\u00e7a vocais mais n\u00edtidos, graves mais potentes e um som vibrante em qualquer ambiente.<\/span><\/li>\n<li class=\"a-spacing-mini\"><span class=\"a-list-item\"><b>SUAS M\u00daSICAS E CONTE\u00daDOS FAVORITOS\u00a0<\/b>&#8211; Reproduza m\u00fasicas e podcasts do Amazon Music, Apple Music, Spotify, entre outros, ou por Bluetooth em todos os ambientes da sua casa.<\/span><\/li>\n<li class=\"a-spacing-mini\"><span class=\"a-list-item\"><b>SEMPRE DISPON\u00cdVEL PARA AJUDAR\u00a0<\/b>&#8211; Pergunte a previs\u00e3o do tempo para Alexa, defina timers com sua voz, obtenha respostas e ou\u00e7a piadas. Precisa de mais uns minutinhos de sono pela manh\u00e3? \u00c9 s\u00f3 tocar no seu Echo Dot para adiar o alarme.<\/span><\/li>\n<li class=\"a-spacing-mini\"><span class=\"a-list-item\"><b>MAIS CONFORTO EM CASA\u00a0<\/b>&#8211; Controle dispositivos de casa inteligente compat\u00edveis por voz ou com rotinas ativadas por movimento e sensores de temperatura internos. Crie rotinas para ligar as luzes quando voc\u00ea entra em um ambiente ou ligar o ar condicionado se a temperatura interna estiver mais quente que o ideal.<\/span><\/li>\n<li class=\"a-spacing-mini\"><span class=\"a-list-item\"><b>DESENVOLVIDO PARA PROTEGER A SUA PRIVACIDADE\u00a0<\/b>&#8211; A Amazon n\u00e3o vende informa\u00e7\u00f5es pessoais de clientes. O Echo Dot foi constru\u00eddo com v\u00e1rias camadas de controles de privacidade, incluindo o bot\u00e3o de desligar o microfone.<\/span><\/li>\n<li class=\"a-spacing-mini\"><span class=\"a-list-item\"><b>APROVEITE AO M\u00c1XIMO O PAREAMENTO DE DISPOSITIVOS\u00a0<\/b>&#8211; Escute m\u00fasica na casa toda usando os dispositivos Echo compat\u00edveis em c\u00f4modos diferentes ou crie um sistema de home theater com o Fire TV.<\/span><\/li>\n<\/ul>\n","protected":false},"excerpt":{"rendered":"<ul class=\"a-unordered-list a-vertical a-spacing-mini\">\n<li class=\"a-spacing-mini\"><span class=\"a-list-item\"><b>O ECHO DOT COM O MELHOR SOM J\u00c1 LAN\u00c7ADO<\/b><\/span><\/li>\n<li class=\"a-spacing-mini\"><span class=\"a-list-item\"><b>SUAS M\u00daSICAS E CONTE\u00daDOS FAVORITOS<\/b><\/span><\/li>\n<li class=\"a-spacing-mini\"><span class=\"a-list-item\"><b>SEMPRE DISPON\u00cdVEL PARA AJUDAR<\/b><\/span><\/li>\n<li class=\"a-spacing-mini\"><span class=\"a-list-item\"><b>MAIS CONFORTO EM CASA<\/b><\/span><\/li>\n<li class=\"a-spacing-mini\"><span class=\"a-list-item\"><b>DESENVOLVIDO PARA PROTEGER A SUA PRIVACIDADE<\/b><\/span><\/li>\n<li class=\"a-spacing-mini\"><span class=\"a-list-item\"><b>APROVEITE AO M\u00c1XIMO O PAREAMENTO DE DISPOSITIVOS<\/b><\/span><\/li>\n<\/ul>\n","protected":false},"featured_media":2241,"template":"","meta":[],"product_brand":[],"product_cat":[46,49],"product_tag":[61,63,62],"class_list":{"0":"post-2175","1":"product","2":"type-product","3":"status-publish","4":"has-post-thumbnail","6":"product_cat-dispositivos-amazon","7":"product_cat-ccho","8":"product_tag-amazon","9":"product_tag-dispositivos-amazon","10":"product_tag-echo","12":"first","13":"instock","14":"shipping-taxable","15":"product-type-external"},"_links":{"self":[{"href":"https:\/\/vortexhightech.com.br\/loja\/wp-json\/wp\/v2\/product\/2175","targetHints":{"allow":["GET"]}}],"collection":[{"href":"https:\/\/vortexhightech.com.br\/loja\/wp-json\/wp\/v2\/product"}],"about":[{"href":"https:\/\/vortexhightech.com.br\/loja\/wp-json\/wp\/v2\/types\/product"}],"version-history":[{"count":0,"href":"https:\/\/vortexhightech.com.br\/loja\/wp-json\/wp\/v2\/product\/2175\/revisions"}],"wp:featuredmedia":[{"embeddable":true,"href":"https:\/\/vortexhightech.com.br\/loja\/wp-json\/wp\/v2\/media\/2241"}],"wp:attachment":[{"href":"https:\/\/vortexhightech.com.br\/loja\/wp-json\/wp\/v2\/media?parent=2175"}],"wp:term":[{"taxonomy":"product_brand","embeddable":true,"href":"https:\/\/vortexhightech.com.br\/loja\/wp-json\/wp\/v2\/product_brand?post=2175"},{"taxonomy":"product_cat","embeddable":true,"href":"https:\/\/vortexhightech.com.br\/loja\/wp-json\/wp\/v2\/product_cat?post=2175"},{"taxonomy":"product_tag","embeddable":true,"href":"https:\/\/vortexhightech.com.br\/loja\/wp-json\/wp\/v2\/product_tag?post=2175"}],"curies":[{"name":"wp","href":"https:\/\/api.w.org\/{rel}","templated":true}]}}