{"id":1158,"date":"2022-06-15T07:41:41","date_gmt":"2022-06-15T10:41:41","guid":{"rendered":"https:\/\/nicktesting.kinsta.cloud\/shopdiko1\/?page_id=1158"},"modified":"2023-12-07T17:31:20","modified_gmt":"2023-12-07T20:31:20","slug":"sobre","status":"publish","type":"page","link":"https:\/\/vortexhightech.com.br\/loja\/sobre\/","title":{"rendered":"Sobre"},"content":{"rendered":"\t\t<div data-elementor-type=\"wp-page\" data-elementor-id=\"1158\" class=\"elementor elementor-1158\" data-elementor-post-type=\"page\">\n\t\t\t\t\t\t<section class=\"elementor-section elementor-top-section elementor-element elementor-element-3275fb5 elementor-section-boxed elementor-section-height-default elementor-section-height-default wpr-particle-no wpr-jarallax-no wpr-parallax-no wpr-sticky-section-no wpr-equal-height-no\" data-id=\"3275fb5\" data-element_type=\"section\" data-e-type=\"section\" data-settings=\"{&quot;background_background&quot;:&quot;classic&quot;}\">\n\t\t\t\t\t\t<div class=\"elementor-container elementor-column-gap-default\">\n\t\t\t\t\t<div class=\"elementor-column elementor-col-100 elementor-top-column elementor-element elementor-element-1d96d2a\" data-id=\"1d96d2a\" data-element_type=\"column\" data-e-type=\"column\" data-settings=\"{&quot;background_background&quot;:&quot;classic&quot;}\">\n\t\t\t<div class=\"elementor-widget-wrap elementor-element-populated\">\n\t\t\t\t\t<div class=\"elementor-background-overlay\"><\/div>\n\t\t\t\t\t\t<div class=\"elementor-element elementor-element-42b2bcd elementor-widget elementor-widget-spacer\" data-id=\"42b2bcd\" data-element_type=\"widget\" data-e-type=\"widget\" data-widget_type=\"spacer.default\">\n\t\t\t\t<div class=\"elementor-widget-container\">\n\t\t\t\t\t\t\t<div class=\"elementor-spacer\">\n\t\t\t<div class=\"elementor-spacer-inner\"><\/div>\n\t\t<\/div>\n\t\t\t\t\t\t<\/div>\n\t\t\t\t<\/div>\n\t\t\t\t<div class=\"elementor-element elementor-element-e067e97 elementor-widget elementor-widget-heading\" data-id=\"e067e97\" data-element_type=\"widget\" data-e-type=\"widget\" data-widget_type=\"heading.default\">\n\t\t\t\t<div class=\"elementor-widget-container\">\n\t\t\t\t\t<h2 class=\"elementor-heading-title elementor-size-default\">Sobre<\/h2>\t\t\t\t<\/div>\n\t\t\t\t<\/div>\n\t\t\t\t<div class=\"elementor-element elementor-element-b5362e2 elementor-widget elementor-widget-spacer\" data-id=\"b5362e2\" data-element_type=\"widget\" data-e-type=\"widget\" data-widget_type=\"spacer.default\">\n\t\t\t\t<div class=\"elementor-widget-container\">\n\t\t\t\t\t\t\t<div class=\"elementor-spacer\">\n\t\t\t<div class=\"elementor-spacer-inner\"><\/div>\n\t\t<\/div>\n\t\t\t\t\t\t<\/div>\n\t\t\t\t<\/div>\n\t\t\t\t\t<\/div>\n\t\t<\/div>\n\t\t\t\t\t<\/div>\n\t\t<\/section>\n\t\t\t\t<section class=\"elementor-section elementor-top-section elementor-element elementor-element-dfeb6b3 elementor-section-boxed elementor-section-height-default elementor-section-height-default wpr-particle-no wpr-jarallax-no wpr-parallax-no wpr-sticky-section-no wpr-equal-height-no\" data-id=\"dfeb6b3\" data-element_type=\"section\" data-e-type=\"section\">\n\t\t\t\t\t\t<div class=\"elementor-container elementor-column-gap-default\">\n\t\t\t\t\t<div class=\"elementor-column elementor-col-100 elementor-top-column elementor-element elementor-element-8ee6fad\" data-id=\"8ee6fad\" data-element_type=\"column\" data-e-type=\"column\">\n\t\t\t<div class=\"elementor-widget-wrap elementor-element-populated\">\n\t\t\t\t\t\t<div class=\"elementor-element elementor-element-e0c3ecf elementor-widget elementor-widget-heading\" data-id=\"e0c3ecf\" data-element_type=\"widget\" data-e-type=\"widget\" data-widget_type=\"heading.default\">\n\t\t\t\t<div class=\"elementor-widget-container\">\n\t\t\t\t\t<h2 class=\"elementor-heading-title elementor-size-default\">Vortex High Tech<\/h2>\t\t\t\t<\/div>\n\t\t\t\t<\/div>\n\t\t\t\t<div class=\"elementor-element elementor-element-3b83f3c elementor-widget elementor-widget-text-editor\" data-id=\"3b83f3c\" data-element_type=\"widget\" data-e-type=\"widget\" data-widget_type=\"text-editor.default\">\n\t\t\t\t<div class=\"elementor-widget-container\">\n\t\t\t\t\t\t\t\t\t<p style=\"text-align: left;\">Bem-vindo \u00e0 Vortex High Tech, o seu destino para a excel\u00eancia tecnol\u00f3gica acess\u00edvel! Na nossa loja, entendemos que a inova\u00e7\u00e3o deve ser para todos. Por isso, oferecemos uma cuidadosa sele\u00e7\u00e3o dos melhores produtos tecnol\u00f3gicos, pensados para atender a diversas faixas de renda. N\u00e3o se trata apenas dos produtos no topo da tecnologia, mas sim da busca pelos melhores dentro de diferentes faixas de pre\u00e7os.<br \/>Como afiliados da Amazon, nos orgulhamos de proporcionar a voc\u00ea uma experi\u00eancia de compra que vai al\u00e9m do convencional. A Amazon, conhecida pela sua pot\u00eancia, oferece n\u00e3o apenas excelentes pre\u00e7os, mas tamb\u00e9m condi\u00e7\u00f5es de pagamento flex\u00edveis. Explore a diversidade de produtos nacionais e importados, tudo em uma plataforma confi\u00e1vel que \u00e9 sin\u00f4nimo de qualidade.<br \/>Na Loja Vortex High Tech, acreditamos que a tecnologia deve ser acess\u00edvel a todos, sem comprometer a qualidade. Somos mais do que uma loja, somos uma ponte entre a inova\u00e7\u00e3o e voc\u00ea. Descubra a pot\u00eancia da Amazon conosco, onde a busca pelos melhores produtos tecnol\u00f3gicos se encontra com a confiabilidade de uma marca l\u00edder. Seja bem-vindo \u00e0 Vortex High Tech, onde a tecnologia se torna uma experi\u00eancia para todos!<\/p>\t\t\t\t\t\t\t\t<\/div>\n\t\t\t\t<\/div>\n\t\t\t\t\t<\/div>\n\t\t<\/div>\n\t\t\t\t\t<\/div>\n\t\t<\/section>\n\t\t\t\t<\/div>\n\t\t","protected":false},"excerpt":{"rendered":"<p>Sobre Vortex High Tech Bem-vindo \u00e0 Vortex High Tech, o seu destino para a excel\u00eancia tecnol\u00f3gica acess\u00edvel! Na nossa loja, entendemos que a inova\u00e7\u00e3o deve ser para todos. Por isso, oferecemos uma cuidadosa sele\u00e7\u00e3o dos melhores produtos tecnol\u00f3gicos, pensados para atender a diversas faixas de renda. N\u00e3o se trata apenas dos produtos no topo da tecnologia, mas sim da busca pelos melhores dentro de diferentes faixas de pre\u00e7os.Como afiliados da Amazon, nos orgulhamos de proporcionar a voc\u00ea uma experi\u00eancia de compra que vai al\u00e9m do convencional. A Amazon, conhecida pela sua pot\u00eancia, oferece n\u00e3o apenas excelentes pre\u00e7os, mas tamb\u00e9m condi\u00e7\u00f5es de pagamento flex\u00edveis. Explore a diversidade de produtos nacionais e importados, tudo em uma plataforma confi\u00e1vel que \u00e9 sin\u00f4nimo de qualidade.Na Loja Vortex High Tech, acreditamos que a tecnologia deve ser acess\u00edvel a todos, sem comprometer a qualidade. Somos mais do que uma loja, somos uma ponte entre a inova\u00e7\u00e3o e voc\u00ea. Descubra a pot\u00eancia da Amazon conosco, onde a busca pelos melhores produtos tecnol\u00f3gicos se encontra com a confiabilidade de uma marca l\u00edder. Seja bem-vindo \u00e0 Vortex High Tech, onde a tecnologia se torna uma experi\u00eancia para todos!<\/p>\n","protected":false},"author":1,"featured_media":0,"parent":0,"menu_order":0,"comment_status":"closed","ping_status":"closed","template":"elementor_canvas","meta":{"footnotes":""},"class_list":["post-1158","page","type-page","status-publish","hentry"],"_links":{"self":[{"href":"https:\/\/vortexhightech.com.br\/loja\/wp-json\/wp\/v2\/pages\/1158","targetHints":{"allow":["GET"]}}],"collection":[{"href":"https:\/\/vortexhightech.com.br\/loja\/wp-json\/wp\/v2\/pages"}],"about":[{"href":"https:\/\/vortexhightech.com.br\/loja\/wp-json\/wp\/v2\/types\/page"}],"author":[{"embeddable":true,"href":"https:\/\/vortexhightech.com.br\/loja\/wp-json\/wp\/v2\/users\/1"}],"replies":[{"embeddable":true,"href":"https:\/\/vortexhightech.com.br\/loja\/wp-json\/wp\/v2\/comments?post=1158"}],"version-history":[{"count":0,"href":"https:\/\/vortexhightech.com.br\/loja\/wp-json\/wp\/v2\/pages\/1158\/revisions"}],"wp:attachment":[{"href":"https:\/\/vortexhightech.com.br\/loja\/wp-json\/wp\/v2\/media?parent=1158"}],"curies":[{"name":"wp","href":"https:\/\/api.w.org\/{rel}","templated":true}]}}